{"id":5723,"date":"2025-11-21T18:21:20","date_gmt":"2025-11-21T18:21:20","guid":{"rendered":"https:\/\/be-come.org\/?page_id=5723"},"modified":"2025-11-21T18:41:08","modified_gmt":"2025-11-21T18:41:08","slug":"politica-de-privacidad-rgpd","status":"publish","type":"page","link":"https:\/\/be-come.org\/en\/politica-de-privacidad-rgpd\/","title":{"rendered":"Pol\u00edtica de Privacidad (RGPD)"},"content":{"rendered":"<div class=\"p-rich_text_section\">\n<p class=\"p-rich_text_section\"><span style=\"font-family: AktivGrotesk-Regular;\">Pol\u00edtica de Privacidad \u2013 {{NOMBRE_EMPRESA}}En {{NOMBRE_EMPRESA}}, respetamos tu privacidad y nos comprometemos a proteger tus datos personales. Esta Pol\u00edtica de Privacidad explica c\u00f3mo recopilamos, usamos y protegemos la informaci\u00f3n que obtenemos cuando visitas nuestro sitio web {{URL_SITIO}}.<\/span><\/p>\n<p class=\"p-rich_text_section\"><span style=\"font-family: AktivGrotesk-Regular;\">\u2e3b<\/span><\/p>\n<ol class=\"p-rich_text_list p-rich_text_list__ordered p-rich_text_list--nested\" start=\"1\" data-stringify-type=\"ordered-list\" data-list-tree=\"true\" data-indent=\"0\" data-border=\"0\">\n<li data-stringify-indent=\"0\" data-stringify-border=\"0\"><span style=\"font-family: AktivGrotesk-Regular;\">Responsable del Tratamiento<\/span><\/li>\n<\/ol>\n<p class=\"p-rich_text_section\"><span style=\"font-family: AktivGrotesk-Regular;\">{{NOMBRE_EMPRESA}}<\/span><br aria-hidden=\"true\" \/><span style=\"font-family: AktivGrotesk-Regular;\">Direcci\u00f3n: {{DIRECCI\u00d3N}}<\/span><br aria-hidden=\"true\" \/><span style=\"font-family: AktivGrotesk-Regular;\">Email de contacto: {{EMAIL_CONTACTO}}<\/span><\/p>\n<p class=\"p-rich_text_section\"><span style=\"font-family: AktivGrotesk-Regular;\">\u2e3b<\/span><\/p>\n<ol class=\"p-rich_text_list p-rich_text_list__ordered p-rich_text_list--nested\" start=\"1\" data-stringify-type=\"ordered-list\" data-list-tree=\"true\" data-indent=\"0\" data-border=\"0\">\n<li data-stringify-indent=\"0\" data-stringify-border=\"0\"><span style=\"font-family: AktivGrotesk-Regular;\">Datos que Recopilamos<\/span><\/li>\n<\/ol>\n<ul>\n<li class=\"p-rich_text_section\"><span style=\"font-family: AktivGrotesk-Regular;\">Dependiendo de tu interacci\u00f3n con el sitio, podemos recopilar:<\/span><\/li>\n<li class=\"p-rich_text_section\"><span style=\"font-family: AktivGrotesk-Regular;\">Datos de contacto: nombre, email, tel\u00e9fono (si los proporcionas en formularios).<\/span><\/li>\n<li class=\"p-rich_text_section\"><span style=\"font-family: AktivGrotesk-Regular;\">Datos de navegaci\u00f3n: direcci\u00f3n IP, tipo de navegador, p\u00e1ginas visitadas, tiempo de permanencia.<\/span><\/li>\n<li class=\"p-rich_text_section\"><span style=\"font-family: AktivGrotesk-Regular;\">Datos facilitados voluntariamente: informaci\u00f3n incluida en mensajes enviados desde formularios.<\/span><\/li>\n<\/ul>\n<p><span style=\"font-family: AktivGrotesk-Regular;\">\u2e3b<\/span><\/p>\n<ol class=\"p-rich_text_list p-rich_text_list__ordered p-rich_text_list--nested\" start=\"1\" data-stringify-type=\"ordered-list\" data-list-tree=\"true\" data-indent=\"0\" data-border=\"0\">\n<li data-stringify-indent=\"0\" data-stringify-border=\"0\"><span style=\"font-family: AktivGrotesk-Regular;\">Finalidad del Tratamiento<\/span><\/li>\n<\/ol>\n<p><span style=\"font-family: AktivGrotesk-Regular;\">Tratamos tus datos con las siguientes finalidades:<\/span><\/p>\n<ul>\n<li><span style=\"font-family: AktivGrotesk-Regular;\">Gestionar tus solicitudes o consultas enviadas a trav\u00e9s del sitio.<\/span><\/li>\n<li><span style=\"font-family: AktivGrotesk-Regular;\">Enviar comunicaciones comerciales si has dado tu consentimiento expreso.<\/span><\/li>\n<li><span style=\"font-family: AktivGrotesk-Regular;\">Mejorar la experiencia de navegaci\u00f3n y analizar el rendimiento del sitio.<\/span><\/li>\n<li><span style=\"font-family: AktivGrotesk-Regular;\">Cumplir obligaciones legales aplicables.<\/span><\/li>\n<\/ul>\n<p><span style=\"font-family: AktivGrotesk-Regular;\">\u2e3b<\/span><\/p>\n<ol class=\"p-rich_text_list p-rich_text_list__ordered p-rich_text_list--nested\" start=\"1\" data-stringify-type=\"ordered-list\" data-list-tree=\"true\" data-indent=\"0\" data-border=\"0\">\n<li data-stringify-indent=\"0\" data-stringify-border=\"0\"><span style=\"font-family: AktivGrotesk-Regular;\">Base Legal para el Tratamiento<\/span><\/li>\n<\/ol>\n<div class=\"p-rich_text_section\"><span style=\"font-family: AktivGrotesk-Regular;\">El tratamiento de datos por parte de {{NOMBRE_EMPRESA}} se basa en:<\/span><\/div>\n<ul>\n<li class=\"p-rich_text_section\"><span style=\"font-family: AktivGrotesk-Regular;\">Tu consentimiento al enviar un formulario o aceptar el uso de cookies.<\/span><\/li>\n<li class=\"p-rich_text_section\"><span style=\"font-family: AktivGrotesk-Regular;\">Nuestro inter\u00e9s leg\u00edtimo en mejorar el sitio web.<\/span><\/li>\n<li class=\"p-rich_text_section\"><span style=\"font-family: AktivGrotesk-Regular;\">El cumplimiento de obligaciones legales aplicables.<\/span><\/li>\n<\/ul>\n<p class=\"p-rich_text_section\"><span style=\"font-family: AktivGrotesk-Regular;\">\u2e3b<\/span><\/p>\n<ol class=\"p-rich_text_list p-rich_text_list__ordered p-rich_text_list--nested\" start=\"1\" data-stringify-type=\"ordered-list\" data-list-tree=\"true\" data-indent=\"0\" data-border=\"0\">\n<li data-stringify-indent=\"0\" data-stringify-border=\"0\"><span style=\"font-family: AktivGrotesk-Regular;\">Conservaci\u00f3n de los Datos<\/span><\/li>\n<\/ol>\n<div class=\"p-rich_text_section\"><span style=\"font-family: AktivGrotesk-Regular;\">Conservaremos tus datos \u00fanicamente durante el tiempo necesario para:<\/span><\/div>\n<ul>\n<li class=\"p-rich_text_section\"><span style=\"font-family: AktivGrotesk-Regular;\">Atender solicitudes o comunicaciones.<\/span><\/li>\n<li><span style=\"font-family: AktivGrotesk-Regular;\">Mantener tu suscripci\u00f3n (si aplica) hasta que solicites la baja.<\/span><\/li>\n<li><span style=\"font-family: AktivGrotesk-Regular;\">Cumplir plazos legales de conservaci\u00f3n.<\/span><\/li>\n<\/ul>\n<p class=\"p-rich_text_section\"><span style=\"font-family: AktivGrotesk-Regular;\">\u2e3b<\/span><\/p>\n<ol class=\"p-rich_text_list p-rich_text_list__ordered p-rich_text_list--nested\" start=\"1\" data-stringify-type=\"ordered-list\" data-list-tree=\"true\" data-indent=\"0\" data-border=\"0\">\n<li data-stringify-indent=\"0\" data-stringify-border=\"0\"><span style=\"font-family: AktivGrotesk-Regular;\">Comunicaci\u00f3n de Datos a Terceros<\/span><\/li>\n<\/ol>\n<div class=\"p-rich_text_section\"><span style=\"font-family: AktivGrotesk-Regular;\">No cedemos tus datos a terceros, salvo:<\/span><\/div>\n<ul>\n<li class=\"p-rich_text_section\"><span style=\"font-family: AktivGrotesk-Regular;\">Obligaci\u00f3n legal.<\/span><\/li>\n<li class=\"p-rich_text_section\"><span style=\"font-family: AktivGrotesk-Regular;\">Servicios necesarios para la operaci\u00f3n del sitio (por ejemplo, proveedores de hosting o email), todos ellos con contratos de tratamiento de datos conforme al RGPD.<\/span><\/li>\n<\/ul>\n<p class=\"p-rich_text_section\"><span style=\"font-family: AktivGrotesk-Regular;\">\u2e3b<\/span><\/p>\n<ol class=\"p-rich_text_list p-rich_text_list__ordered p-rich_text_list--nested\" start=\"1\" data-stringify-type=\"ordered-list\" data-list-tree=\"true\" data-indent=\"0\" data-border=\"0\">\n<li data-stringify-indent=\"0\" data-stringify-border=\"0\"><span style=\"font-family: AktivGrotesk-Regular;\">Derechos del Usuario<\/span><\/li>\n<\/ol>\n<div class=\"p-rich_text_section\"><span style=\"font-family: AktivGrotesk-Regular;\">Puedes ejercer tus derechos en cualquier momento:<\/span><\/div>\n<ul>\n<li class=\"p-rich_text_section\"><span style=\"font-family: AktivGrotesk-Regular;\">Acceso<\/span><\/li>\n<li class=\"p-rich_text_section\"><span style=\"font-family: AktivGrotesk-Regular;\">Rectificaci\u00f3n<\/span><\/li>\n<li class=\"p-rich_text_section\"><span style=\"font-family: AktivGrotesk-Regular;\">Supresi\u00f3n<\/span><\/li>\n<li class=\"p-rich_text_section\"><span style=\"font-family: AktivGrotesk-Regular;\">Oposici\u00f3n<\/span><\/li>\n<li class=\"p-rich_text_section\"><span style=\"font-family: AktivGrotesk-Regular;\">Limitaci\u00f3n del tratamiento<\/span><\/li>\n<li class=\"p-rich_text_section\"><span style=\"font-family: AktivGrotesk-Regular;\">Portabilidad de los datosPara ejercitar estos derechos, escr\u00edbenos a: {{EMAIL_CONTACTO}}.<\/span><\/li>\n<\/ul>\n<p><span style=\"font-family: AktivGrotesk-Regular;\">\u2e3b<\/span><\/p>\n<ol class=\"p-rich_text_list p-rich_text_list__ordered p-rich_text_list--nested\" start=\"1\" data-stringify-type=\"ordered-list\" data-list-tree=\"true\" data-indent=\"0\" data-border=\"0\">\n<li data-stringify-indent=\"0\" data-stringify-border=\"0\"><span style=\"font-family: AktivGrotesk-Regular;\">Cookies<\/span><\/li>\n<\/ol>\n<p class=\"p-rich_text_section\"><span style=\"font-family: AktivGrotesk-Regular;\">El sitio {{URL_SITIO}} utiliza cookies propias y de terceros.<\/span><br aria-hidden=\"true\" \/><span style=\"font-family: AktivGrotesk-Regular;\">Puedes consultar nuestra Pol\u00edtica de Cookies aqu\u00ed: {{URL_COOKIES}}.<\/span><\/p>\n<p><span style=\"font-family: AktivGrotesk-Regular;\">\u2e3b<\/span><\/p>\n<ol class=\"p-rich_text_list p-rich_text_list__ordered p-rich_text_list--nested\" start=\"1\" data-stringify-type=\"ordered-list\" data-list-tree=\"true\" data-indent=\"0\" data-border=\"0\">\n<li data-stringify-indent=\"0\" data-stringify-border=\"0\"><span style=\"font-family: AktivGrotesk-Regular;\">Seguridad de los Datos<\/span><\/li>\n<\/ol>\n<p class=\"p-rich_text_section\"><span style=\"font-family: AktivGrotesk-Regular;\">En {{NOMBRE_EMPRESA}} aplicamos medidas t\u00e9cnicas y organizativas para garantizar la confidencialidad, integridad y disponibilidad de tus datos.<\/span><\/p>\n<p><span style=\"font-family: AktivGrotesk-Regular;\">\u2e3b<\/span><\/p>\n<ol class=\"p-rich_text_list p-rich_text_list__ordered p-rich_text_list--nested\" start=\"1\" data-stringify-type=\"ordered-list\" data-list-tree=\"true\" data-indent=\"0\" data-border=\"0\">\n<li data-stringify-indent=\"0\" data-stringify-border=\"0\"><span style=\"font-family: AktivGrotesk-Regular;\">Cambios en esta Pol\u00edtica<\/span><\/li>\n<\/ol>\n<div class=\"p-rich_text_section\"><span style=\"font-family: AktivGrotesk-Regular;\">Podemos actualizar esta Pol\u00edtica de Privacidad cuando sea necesario. La versi\u00f3n vigente estar\u00e1 siempre disponible en {{URL_SITIO}}.<\/span><\/div>\n<\/div>","protected":false},"excerpt":{"rendered":"<p>Pol\u00edtica de Privacidad \u2013 {{NOMBRE_EMPRESA}}En {{NOMBRE_EMPRESA}}, respetamos tu privacidad y nos comprometemos a proteger tus datos personales. Esta Pol\u00edtica de Privacidad explica c\u00f3mo recopilamos, usamos y protegemos la informaci\u00f3n que obtenemos cuando visitas nuestro sitio web {{URL_SITIO}}. \u2e3b Responsable del Tratamiento {{NOMBRE_EMPRESA}}Direcci\u00f3n: {{DIRECCI\u00d3N}}Email de contacto: {{EMAIL_CONTACTO}} \u2e3b Datos que Recopilamos Dependiendo de tu interacci\u00f3n con [&hellip;]<\/p>","protected":false},"author":1,"featured_media":3724,"parent":0,"menu_order":0,"comment_status":"closed","ping_status":"closed","template":"templates\/template-new-default.php","meta":{"_acf_changed":false,"_uag_custom_page_level_css":"","ub_ctt_via":"","footnotes":""},"class_list":["post-5723","page","type-page","status-publish","has-post-thumbnail","hentry"],"acf":[],"featured_image_src":"https:\/\/be-come.org\/wp-content\/uploads\/2024\/07\/become-event-placeholder.png","yoast_head":"<!-- This site is optimized with the Yoast SEO plugin v26.4 - https:\/\/yoast.com\/wordpress\/plugins\/seo\/ -->\n<title>Pol\u00edtica de Privacidad (RGPD) - Become<\/title>\n<meta name=\"robots\" content=\"index, follow, max-snippet:-1, max-image-preview:large, max-video-preview:-1\" \/>\n<link rel=\"canonical\" href=\"https:\/\/be-come.org\/en\/politica-de-privacidad-rgpd\/\" \/>\n<meta property=\"og:locale\" content=\"en_US\" \/>\n<meta property=\"og:type\" content=\"article\" \/>\n<meta property=\"og:title\" content=\"Pol\u00edtica de Privacidad (RGPD) - Become\" \/>\n<meta property=\"og:description\" content=\"Pol\u00edtica de Privacidad \u2013 {{NOMBRE_EMPRESA}}En {{NOMBRE_EMPRESA}}, respetamos tu privacidad y nos comprometemos a proteger tus datos personales. Esta Pol\u00edtica de Privacidad explica c\u00f3mo recopilamos, usamos y protegemos la informaci\u00f3n que obtenemos cuando visitas nuestro sitio web {{URL_SITIO}}. \u2e3b Responsable del Tratamiento {{NOMBRE_EMPRESA}}Direcci\u00f3n: {{DIRECCI\u00d3N}}Email de contacto: {{EMAIL_CONTACTO}} \u2e3b Datos que Recopilamos Dependiendo de tu interacci\u00f3n con [&hellip;]\" \/>\n<meta property=\"og:url\" content=\"https:\/\/be-come.org\/en\/politica-de-privacidad-rgpd\/\" \/>\n<meta property=\"og:site_name\" content=\"Become\" \/>\n<meta property=\"article:modified_time\" content=\"2025-11-21T18:41:08+00:00\" \/>\n<meta name=\"twitter:card\" content=\"summary_large_image\" \/>\n<meta name=\"twitter:label1\" content=\"Est. reading time\" \/>\n\t<meta name=\"twitter:data1\" content=\"2 minutes\" \/>\n<script type=\"application\/ld+json\" class=\"yoast-schema-graph\">{\"@context\":\"https:\/\/schema.org\",\"@graph\":[{\"@type\":\"WebPage\",\"@id\":\"https:\/\/be-come.org\/politica-de-privacidad-rgpd\/\",\"url\":\"https:\/\/be-come.org\/politica-de-privacidad-rgpd\/\",\"name\":\"Pol\u00edtica de Privacidad (RGPD) - Become\",\"isPartOf\":{\"@id\":\"https:\/\/be-come.org\/en\/#website\"},\"primaryImageOfPage\":{\"@id\":\"https:\/\/be-come.org\/politica-de-privacidad-rgpd\/#primaryimage\"},\"image\":{\"@id\":\"https:\/\/be-come.org\/politica-de-privacidad-rgpd\/#primaryimage\"},\"thumbnailUrl\":\"https:\/\/be-come.org\/wp-content\/uploads\/2024\/07\/become-event-placeholder.png\",\"datePublished\":\"2025-11-21T18:21:20+00:00\",\"dateModified\":\"2025-11-21T18:41:08+00:00\",\"breadcrumb\":{\"@id\":\"https:\/\/be-come.org\/politica-de-privacidad-rgpd\/#breadcrumb\"},\"inLanguage\":\"en-US\",\"potentialAction\":[{\"@type\":\"ReadAction\",\"target\":[\"https:\/\/be-come.org\/politica-de-privacidad-rgpd\/\"]}]},{\"@type\":\"ImageObject\",\"inLanguage\":\"en-US\",\"@id\":\"https:\/\/be-come.org\/politica-de-privacidad-rgpd\/#primaryimage\",\"url\":\"https:\/\/be-come.org\/wp-content\/uploads\/2024\/07\/become-event-placeholder.png\",\"contentUrl\":\"https:\/\/be-come.org\/wp-content\/uploads\/2024\/07\/become-event-placeholder.png\",\"width\":872,\"height\":490,\"caption\":\"Become Events\"},{\"@type\":\"BreadcrumbList\",\"@id\":\"https:\/\/be-come.org\/politica-de-privacidad-rgpd\/#breadcrumb\",\"itemListElement\":[{\"@type\":\"ListItem\",\"position\":1,\"name\":\"Portada\",\"item\":\"https:\/\/be-come.org\/\"},{\"@type\":\"ListItem\",\"position\":2,\"name\":\"Pol\u00edtica de Privacidad (RGPD)\"}]},{\"@type\":\"WebSite\",\"@id\":\"https:\/\/be-come.org\/en\/#website\",\"url\":\"https:\/\/be-come.org\/en\/\",\"name\":\"Become\",\"description\":\"\",\"publisher\":{\"@id\":\"https:\/\/be-come.org\/en\/#organization\"},\"potentialAction\":[{\"@type\":\"SearchAction\",\"target\":{\"@type\":\"EntryPoint\",\"urlTemplate\":\"https:\/\/be-come.org\/en\/?s={search_term_string}\"},\"query-input\":{\"@type\":\"PropertyValueSpecification\",\"valueRequired\":true,\"valueName\":\"search_term_string\"}}],\"inLanguage\":\"en-US\"},{\"@type\":\"Organization\",\"@id\":\"https:\/\/be-come.org\/en\/#organization\",\"name\":\"Become\",\"url\":\"https:\/\/be-come.org\/en\/\",\"logo\":{\"@type\":\"ImageObject\",\"inLanguage\":\"en-US\",\"@id\":\"https:\/\/be-come.org\/en\/#\/schema\/logo\/image\/\",\"url\":\"https:\/\/be-come.org\/wp-content\/uploads\/2024\/05\/bcomlogo.svg\",\"contentUrl\":\"https:\/\/be-come.org\/wp-content\/uploads\/2024\/05\/bcomlogo.svg\",\"caption\":\"Become\"},\"image\":{\"@id\":\"https:\/\/be-come.org\/en\/#\/schema\/logo\/image\/\"}}]}<\/script>\n<!-- \/ Yoast SEO plugin. -->","yoast_head_json":{"title":"Pol\u00edtica de Privacidad (RGPD) - Become","robots":{"index":"index","follow":"follow","max-snippet":"max-snippet:-1","max-image-preview":"max-image-preview:large","max-video-preview":"max-video-preview:-1"},"canonical":"https:\/\/be-come.org\/en\/politica-de-privacidad-rgpd\/","og_locale":"en_US","og_type":"article","og_title":"Pol\u00edtica de Privacidad (RGPD) - Become","og_description":"Pol\u00edtica de Privacidad \u2013 {{NOMBRE_EMPRESA}}En {{NOMBRE_EMPRESA}}, respetamos tu privacidad y nos comprometemos a proteger tus datos personales. Esta Pol\u00edtica de Privacidad explica c\u00f3mo recopilamos, usamos y protegemos la informaci\u00f3n que obtenemos cuando visitas nuestro sitio web {{URL_SITIO}}. \u2e3b Responsable del Tratamiento {{NOMBRE_EMPRESA}}Direcci\u00f3n: {{DIRECCI\u00d3N}}Email de contacto: {{EMAIL_CONTACTO}} \u2e3b Datos que Recopilamos Dependiendo de tu interacci\u00f3n con [&hellip;]","og_url":"https:\/\/be-come.org\/en\/politica-de-privacidad-rgpd\/","og_site_name":"Become","article_modified_time":"2025-11-21T18:41:08+00:00","twitter_card":"summary_large_image","twitter_misc":{"Est. reading time":"2 minutes"},"schema":{"@context":"https:\/\/schema.org","@graph":[{"@type":"WebPage","@id":"https:\/\/be-come.org\/politica-de-privacidad-rgpd\/","url":"https:\/\/be-come.org\/politica-de-privacidad-rgpd\/","name":"Pol\u00edtica de Privacidad (RGPD) - Become","isPartOf":{"@id":"https:\/\/be-come.org\/en\/#website"},"primaryImageOfPage":{"@id":"https:\/\/be-come.org\/politica-de-privacidad-rgpd\/#primaryimage"},"image":{"@id":"https:\/\/be-come.org\/politica-de-privacidad-rgpd\/#primaryimage"},"thumbnailUrl":"https:\/\/be-come.org\/wp-content\/uploads\/2024\/07\/become-event-placeholder.png","datePublished":"2025-11-21T18:21:20+00:00","dateModified":"2025-11-21T18:41:08+00:00","breadcrumb":{"@id":"https:\/\/be-come.org\/politica-de-privacidad-rgpd\/#breadcrumb"},"inLanguage":"en-US","potentialAction":[{"@type":"ReadAction","target":["https:\/\/be-come.org\/politica-de-privacidad-rgpd\/"]}]},{"@type":"ImageObject","inLanguage":"en-US","@id":"https:\/\/be-come.org\/politica-de-privacidad-rgpd\/#primaryimage","url":"https:\/\/be-come.org\/wp-content\/uploads\/2024\/07\/become-event-placeholder.png","contentUrl":"https:\/\/be-come.org\/wp-content\/uploads\/2024\/07\/become-event-placeholder.png","width":872,"height":490,"caption":"Become Events"},{"@type":"BreadcrumbList","@id":"https:\/\/be-come.org\/politica-de-privacidad-rgpd\/#breadcrumb","itemListElement":[{"@type":"ListItem","position":1,"name":"Portada","item":"https:\/\/be-come.org\/"},{"@type":"ListItem","position":2,"name":"Pol\u00edtica de Privacidad (RGPD)"}]},{"@type":"WebSite","@id":"https:\/\/be-come.org\/en\/#website","url":"https:\/\/be-come.org\/en\/","name":"Become","description":"","publisher":{"@id":"https:\/\/be-come.org\/en\/#organization"},"potentialAction":[{"@type":"SearchAction","target":{"@type":"EntryPoint","urlTemplate":"https:\/\/be-come.org\/en\/?s={search_term_string}"},"query-input":{"@type":"PropertyValueSpecification","valueRequired":true,"valueName":"search_term_string"}}],"inLanguage":"en-US"},{"@type":"Organization","@id":"https:\/\/be-come.org\/en\/#organization","name":"Become","url":"https:\/\/be-come.org\/en\/","logo":{"@type":"ImageObject","inLanguage":"en-US","@id":"https:\/\/be-come.org\/en\/#\/schema\/logo\/image\/","url":"https:\/\/be-come.org\/wp-content\/uploads\/2024\/05\/bcomlogo.svg","contentUrl":"https:\/\/be-come.org\/wp-content\/uploads\/2024\/05\/bcomlogo.svg","caption":"Become"},"image":{"@id":"https:\/\/be-come.org\/en\/#\/schema\/logo\/image\/"}}]}},"uagb_featured_image_src":{"full":["https:\/\/be-come.org\/wp-content\/uploads\/2024\/07\/become-event-placeholder.png",872,490,false],"thumbnail":["https:\/\/be-come.org\/wp-content\/uploads\/2024\/07\/become-event-placeholder-150x150.png",150,150,true],"medium":["https:\/\/be-come.org\/wp-content\/uploads\/2024\/07\/become-event-placeholder-300x169.png",300,169,true],"medium_large":["https:\/\/be-come.org\/wp-content\/uploads\/2024\/07\/become-event-placeholder-768x432.png",768,432,true],"large":["https:\/\/be-come.org\/wp-content\/uploads\/2024\/07\/become-event-placeholder.png",872,490,false],"1536x1536":["https:\/\/be-come.org\/wp-content\/uploads\/2024\/07\/become-event-placeholder.png",872,490,false],"2048x2048":["https:\/\/be-come.org\/wp-content\/uploads\/2024\/07\/become-event-placeholder.png",872,490,false],"trp-custom-language-flag":["https:\/\/be-come.org\/wp-content\/uploads\/2024\/07\/become-event-placeholder-18x10.png",18,10,true]},"uagb_author_info":{"display_name":"be-come.org","author_link":"https:\/\/be-come.org\/en\/author\/lightsalmon-termite-243444-hostingersite-com\/"},"uagb_comment_info":0,"uagb_excerpt":"Pol\u00edtica de Privacidad \u2013 {{NOMBRE_EMPRESA}}En {{NOMBRE_EMPRESA}}, respetamos tu privacidad y nos comprometemos a proteger tus datos personales. Esta Pol\u00edtica de Privacidad explica c\u00f3mo recopilamos, usamos y protegemos la informaci\u00f3n que obtenemos cuando visitas nuestro sitio web {{URL_SITIO}}. \u2e3b Responsable del Tratamiento {{NOMBRE_EMPRESA}}Direcci\u00f3n: {{DIRECCI\u00d3N}}Email de contacto: {{EMAIL_CONTACTO}} \u2e3b Datos que Recopilamos Dependiendo de tu interacci\u00f3n con&hellip;","_links":{"self":[{"href":"https:\/\/be-come.org\/en\/wp-json\/wp\/v2\/pages\/5723","targetHints":{"allow":["GET"]}}],"collection":[{"href":"https:\/\/be-come.org\/en\/wp-json\/wp\/v2\/pages"}],"about":[{"href":"https:\/\/be-come.org\/en\/wp-json\/wp\/v2\/types\/page"}],"author":[{"embeddable":true,"href":"https:\/\/be-come.org\/en\/wp-json\/wp\/v2\/users\/1"}],"replies":[{"embeddable":true,"href":"https:\/\/be-come.org\/en\/wp-json\/wp\/v2\/comments?post=5723"}],"version-history":[{"count":7,"href":"https:\/\/be-come.org\/en\/wp-json\/wp\/v2\/pages\/5723\/revisions"}],"predecessor-version":[{"id":5730,"href":"https:\/\/be-come.org\/en\/wp-json\/wp\/v2\/pages\/5723\/revisions\/5730"}],"wp:featuredmedia":[{"embeddable":true,"href":"https:\/\/be-come.org\/en\/wp-json\/wp\/v2\/media\/3724"}],"wp:attachment":[{"href":"https:\/\/be-come.org\/en\/wp-json\/wp\/v2\/media?parent=5723"}],"curies":[{"name":"wp","href":"https:\/\/api.w.org\/{rel}","templated":true}]}}